{"id":1417,"date":"2024-01-11T21:00:09","date_gmt":"2024-01-11T20:00:09","guid":{"rendered":"https:\/\/nuevo.yeguadavilaire.com\/wp1\/?page_id=1417"},"modified":"2024-05-19T13:01:56","modified_gmt":"2024-05-19T11:01:56","slug":"sementales","status":"publish","type":"page","link":"https:\/\/yeguadavilaire.com\/en\/sementales\/","title":{"rendered":"Stallions"},"content":{"rendered":"<div data-elementor-type=\"wp-page\" data-elementor-id=\"1417\" class=\"elementor elementor-1417\">\n\t\t\t\t\t\t\t<div class=\"elementor-element elementor-element-s5jdfwl e-flex e-con-boxed e-con e-parent\" data-id=\"s5jdfwl\" data-element_type=\"container\" data-settings=\"{&quot;background_background&quot;:&quot;classic&quot;,&quot;content_width&quot;:&quot;boxed&quot;}\" data-core-v316-plus=\"true\">\n\t\t\t\t\t<div class=\"e-con-inner\">\n\t\t<div class=\"elementor-element elementor-element-fe6a729 e-con-full e-flex e-con e-child\" data-id=\"fe6a729\" data-element_type=\"container\" data-settings=\"{&quot;content_width&quot;:&quot;full&quot;}\">\n\t\t\t\t<div class=\"elementor-element elementor-element-c7345d2 elementor-widget elementor-widget-heading\" data-id=\"c7345d2\" data-element_type=\"widget\" data-widget_type=\"heading.default\">\n\t\t\t\t<div class=\"elementor-widget-container\">\n\t\t\t<style>\/*! elementor - v3.18.0 - 20-12-2023 *\/\n.elementor-heading-title{padding:0;margin:0;line-height:1}.elementor-widget-heading .elementor-heading-title[class*=elementor-size-]>a{color:inherit;font-size:inherit;line-height:inherit}.elementor-widget-heading .elementor-heading-title.elementor-size-small{font-size:15px}.elementor-widget-heading .elementor-heading-title.elementor-size-medium{font-size:19px}.elementor-widget-heading .elementor-heading-title.elementor-size-large{font-size:29px}.elementor-widget-heading .elementor-heading-title.elementor-size-xl{font-size:39px}.elementor-widget-heading .elementor-heading-title.elementor-size-xxl{font-size:59px}<\/style><h1 class=\"elementor-heading-title elementor-size-default\">STALLIONS<\/h1>\t\t<\/div>\n\t\t\t\t<\/div>\n\t\t\t\t<\/div>\n\t\t\t\t\t<\/div>\n\t\t\t\t<\/div>\n\t\t<div class=\"elementor-element elementor-element-2b6tdw5 e-flex e-con-boxed e-con e-parent\" data-id=\"2b6tdw5\" data-element_type=\"container\" data-settings=\"{&quot;content_width&quot;:&quot;boxed&quot;}\" data-core-v316-plus=\"true\">\n\t\t\t\t\t<div class=\"e-con-inner\">\n\t\t<div class=\"elementor-element elementor-element-40552d9 e-con-full e-flex e-con e-child\" data-id=\"40552d9\" data-element_type=\"container\" data-settings=\"{&quot;content_width&quot;:&quot;full&quot;}\">\n\t\t\t\t<div class=\"elementor-element elementor-element-2fa8427 elementor-widget elementor-widget-heading\" data-id=\"2fa8427\" data-element_type=\"widget\" data-widget_type=\"heading.default\">\n\t\t\t\t<div class=\"elementor-widget-container\">\n\t\t\t<h1 class=\"elementor-heading-title elementor-size-default\">THE STALLIONS OF THE VILAIRE STUD FARM<\/h1>\t\t<\/div>\n\t\t\t\t<\/div>\n\t\t\t\t<\/div>\n\t\t\t\t\t<\/div>\n\t\t\t\t<\/div>\n\t\t<div class=\"elementor-element elementor-element-9bbb33b e-flex e-con-boxed e-con e-parent\" data-id=\"9bbb33b\" data-element_type=\"container\" data-settings=\"{&quot;content_width&quot;:&quot;boxed&quot;}\" data-core-v316-plus=\"true\">\n\t\t\t\t\t<div class=\"e-con-inner\">\n\t\t<div class=\"elementor-element elementor-element-ee502bd e-flex e-con-boxed e-con e-child\" data-id=\"ee502bd\" data-element_type=\"container\" data-settings=\"{&quot;background_background&quot;:&quot;classic&quot;,&quot;content_width&quot;:&quot;boxed&quot;}\">\n\t\t\t\t\t<div class=\"e-con-inner\">\n\t\t<div class=\"elementor-element elementor-element-df763f5 e-con-full e-flex e-con e-child\" data-id=\"df763f5\" data-element_type=\"container\" data-settings=\"{&quot;content_width&quot;:&quot;full&quot;}\">\n\t\t\t\t<div class=\"elementor-element elementor-element-78e5769 elementor-widget elementor-widget-image\" data-id=\"78e5769\" data-element_type=\"widget\" data-widget_type=\"image.default\">\n\t\t\t\t<div class=\"elementor-widget-container\">\n\t\t\t<style>\/*! elementor - v3.18.0 - 20-12-2023 *\/\n.elementor-widget-image{text-align:center}.elementor-widget-image a{display:inline-block}.elementor-widget-image a img[src$=\".svg\"]{width:48px}.elementor-widget-image img{vertical-align:middle;display:inline-block}<\/style>\t\t\t\t\t\t\t\t\t\t\t\t<img fetchpriority=\"high\" decoding=\"async\" width=\"640\" height=\"539\" src=\"https:\/\/yeguadavilaire.com\/wp-content\/uploads\/2024\/01\/Avatar-2.jpg\" class=\"elementor-animation-float attachment-full size-full wp-image-1672\" alt=\"\" srcset=\"https:\/\/yeguadavilaire.com\/wp-content\/uploads\/2024\/01\/Avatar-2.jpg 640w, https:\/\/yeguadavilaire.com\/wp-content\/uploads\/2024\/01\/Avatar-2-300x253.jpg 300w\" sizes=\"(max-width: 640px) 100vw, 640px\" \/>\t\t\t\t\t\t\t\t\t\t\t\t\t\t\t<\/div>\n\t\t\t\t<\/div>\n\t\t\t\t<div class=\"elementor-element elementor-element-45592dc elementor-widget elementor-widget-image\" data-id=\"45592dc\" data-element_type=\"widget\" data-widget_type=\"image.default\">\n\t\t\t\t<div class=\"elementor-widget-container\">\n\t\t\t\t\t\t\t\t\t\t\t\t\t\t\t<img decoding=\"async\" width=\"2560\" height=\"1707\" src=\"https:\/\/yeguadavilaire.com\/wp-content\/uploads\/2024\/01\/0Gal-5-scaled.jpeg\" class=\"elementor-animation-float attachment-full size-full wp-image-1671\" alt=\"\" srcset=\"https:\/\/yeguadavilaire.com\/wp-content\/uploads\/2024\/01\/0Gal-5-scaled.jpeg 2560w, https:\/\/yeguadavilaire.com\/wp-content\/uploads\/2024\/01\/0Gal-5-300x200.jpeg 300w, https:\/\/yeguadavilaire.com\/wp-content\/uploads\/2024\/01\/0Gal-5-1024x683.jpeg 1024w, https:\/\/yeguadavilaire.com\/wp-content\/uploads\/2024\/01\/0Gal-5-768x512.jpeg 768w, https:\/\/yeguadavilaire.com\/wp-content\/uploads\/2024\/01\/0Gal-5-1536x1024.jpeg 1536w, https:\/\/yeguadavilaire.com\/wp-content\/uploads\/2024\/01\/0Gal-5-2048x1365.jpeg 2048w\" sizes=\"(max-width: 2560px) 100vw, 2560px\" \/>\t\t\t\t\t\t\t\t\t\t\t\t\t\t\t<\/div>\n\t\t\t\t<\/div>\n\t\t\t\t<\/div>\n\t\t<div class=\"elementor-element elementor-element-b1ed4b1 e-con-full e-flex e-con e-child\" data-id=\"b1ed4b1\" data-element_type=\"container\" data-settings=\"{&quot;content_width&quot;:&quot;full&quot;}\">\n\t\t\t\t<div class=\"elementor-element elementor-element-2ad9209 elementor-widget elementor-widget-icon-box\" data-id=\"2ad9209\" data-element_type=\"widget\" data-widget_type=\"icon-box.default\">\n\t\t\t\t<div class=\"elementor-widget-container\">\n\t\t\t<link rel=\"stylesheet\" href=\"https:\/\/yeguadavilaire.com\/wp-content\/plugins\/elementor\/assets\/css\/widget-icon-box.min.css\">\t\t<div class=\"elementor-icon-box-wrapper\">\n\t\t\t\t\t\t<div class=\"elementor-icon-box-content\">\n\t\t\t\t<h2 class=\"elementor-icon-box-title\">\n\t\t\t\t\t<span  >\n\t\t\t\t\t\tcANASTERO mibxii\t\t\t\t\t<\/span>\n\t\t\t\t<\/h2>\n\t\t\t\t\t\t\t<\/div>\n\t\t<\/div>\n\t\t\t\t<\/div>\n\t\t\t\t<\/div>\n\t\t\t\t<div class=\"elementor-element elementor-element-79f2170 elementor-widget elementor-widget-text-editor\" data-id=\"79f2170\" data-element_type=\"widget\" data-widget_type=\"text-editor.default\">\n\t\t\t\t<div class=\"elementor-widget-container\">\n\t\t\t<style>\/*! elementor - v3.18.0 - 20-12-2023 *\/\n.elementor-widget-text-editor.elementor-drop-cap-view-stacked .elementor-drop-cap{background-color:#69727d;color:#fff}.elementor-widget-text-editor.elementor-drop-cap-view-framed .elementor-drop-cap{color:#69727d;border:3px solid;background-color:transparent}.elementor-widget-text-editor:not(.elementor-drop-cap-view-default) .elementor-drop-cap{margin-top:8px}.elementor-widget-text-editor:not(.elementor-drop-cap-view-default) .elementor-drop-cap-letter{width:1em;height:1em}.elementor-widget-text-editor .elementor-drop-cap{float:left;text-align:center;line-height:1;font-size:50px}.elementor-widget-text-editor .elementor-drop-cap-letter{display:inline-block}<\/style>\t\t\t\t<p>Canastero MIBXII, nacido el 4 de marzo de 2012, se presenta como un semental excepcional de pura raza espa\u00f1ola (P.R.E.), destacando por su imponente presencia y sus cualidades notables. Con una capa casta\u00f1a que realza su elegancia, este magn\u00edfico ejemplar tiene una alzada\u00a0 de 1,77 metros, siendo un representante destacado del hierro de Miguel Bohorquez.<\/p><p>Canastero MIBXII no solo encarna la belleza y majestuosidad propia de su raza, sino que tambi\u00e9n destaca por su fidelidad racial, movimientos elegantes y un temperamento amable. Destaca por su versatilidad y capacidad atl\u00e9tica.<\/p><p>Como semental contrastado, Canastero MIBXII ha dejado un legado de hijos\/as de gran calidad, consolidandose como un excelente semental. Su gen\u00e9tica \u00abcerrada en Bohorquez\u00bb asegura su potencial para fijar las caracter\u00edsticas raciales de esta l\u00ednea.\u00a0<\/p><p>Canastero MIBXII auna\u00a0 excelente conformaci\u00f3n f\u00edsica, fuerza y movimientos con impulsi\u00f3n, elevaci\u00f3n y amplitud.<\/p>\t\t\t\t\t\t<\/div>\n\t\t\t\t<\/div>\n\t\t\t\t<div class=\"elementor-element elementor-element-68cb893 elementor-widget elementor-widget-button\" data-id=\"68cb893\" data-element_type=\"widget\" data-widget_type=\"button.default\">\n\t\t\t\t<div class=\"elementor-widget-container\">\n\t\t\t\t\t<div class=\"elementor-button-wrapper\">\n\t\t\t<a class=\"elementor-button elementor-button-link elementor-size-sm\" href=\"https:\/\/www.lgancce.com\/lgpreancce\/asp-publico\/arbolGenealogicoPRE\/ConsultarArbolGenealogicoPRE.aspx?ID=Z4g3kT\/IwSM=\" target=\"_blank\">\n\t\t\t\t\t\t<span class=\"elementor-button-content-wrapper\">\n\t\t\t\t\t\t<span class=\"elementor-button-text\">A.N.C.C.C.E. SHEET<\/span>\n\t\t<\/span>\n\t\t\t\t\t<\/a>\n\t\t<\/div>\n\t\t\t\t<\/div>\n\t\t\t\t<\/div>\n\t\t\t\t<\/div>\n\t\t\t\t\t<\/div>\n\t\t\t\t<\/div>\n\t\t\t\t\t<\/div>\n\t\t\t\t<\/div>\n\t\t<div class=\"elementor-element elementor-element-5a03675 e-flex e-con-boxed e-con e-parent\" data-id=\"5a03675\" data-element_type=\"container\" data-settings=\"{&quot;content_width&quot;:&quot;boxed&quot;}\" data-core-v316-plus=\"true\">\n\t\t\t\t\t<div class=\"e-con-inner\">\n\t\t<div class=\"elementor-element elementor-element-3e7939e e-flex e-con-boxed e-con e-child\" data-id=\"3e7939e\" data-element_type=\"container\" data-settings=\"{&quot;background_background&quot;:&quot;classic&quot;,&quot;content_width&quot;:&quot;boxed&quot;}\">\n\t\t\t\t\t<div class=\"e-con-inner\">\n\t\t<div class=\"elementor-element elementor-element-f9b1833 e-con-full e-flex e-con e-child\" data-id=\"f9b1833\" data-element_type=\"container\" data-settings=\"{&quot;content_width&quot;:&quot;full&quot;}\">\n\t\t\t\t<div class=\"elementor-element elementor-element-3ba3c5f elementor-widget elementor-widget-image\" data-id=\"3ba3c5f\" data-element_type=\"widget\" data-widget_type=\"image.default\">\n\t\t\t\t<div class=\"elementor-widget-container\">\n\t\t\t\t\t\t\t\t\t\t\t\t\t\t\t<img decoding=\"async\" width=\"1697\" height=\"1450\" src=\"https:\/\/yeguadavilaire.com\/wp-content\/uploads\/2024\/01\/0Gal-6-scaled-e1705602384309.jpeg\" class=\"elementor-animation-float attachment-full size-full wp-image-1673\" alt=\"\" srcset=\"https:\/\/yeguadavilaire.com\/wp-content\/uploads\/2024\/01\/0Gal-6-scaled-e1705602384309.jpeg 1697w, https:\/\/yeguadavilaire.com\/wp-content\/uploads\/2024\/01\/0Gal-6-scaled-e1705602384309-300x256.jpeg 300w, https:\/\/yeguadavilaire.com\/wp-content\/uploads\/2024\/01\/0Gal-6-scaled-e1705602384309-1024x875.jpeg 1024w, https:\/\/yeguadavilaire.com\/wp-content\/uploads\/2024\/01\/0Gal-6-scaled-e1705602384309-768x656.jpeg 768w, https:\/\/yeguadavilaire.com\/wp-content\/uploads\/2024\/01\/0Gal-6-scaled-e1705602384309-1536x1312.jpeg 1536w\" sizes=\"(max-width: 1697px) 100vw, 1697px\" \/>\t\t\t\t\t\t\t\t\t\t\t\t\t\t\t<\/div>\n\t\t\t\t<\/div>\n\t\t<div class=\"elementor-element elementor-element-5cc6c92 e-con-full e-flex e-con e-child\" data-id=\"5cc6c92\" data-element_type=\"container\" data-settings=\"{&quot;content_width&quot;:&quot;full&quot;}\">\n\t\t\t\t<div class=\"elementor-element elementor-element-b3089d2 elementor-widget elementor-widget-image\" data-id=\"b3089d2\" data-element_type=\"widget\" data-widget_type=\"image.default\">\n\t\t\t\t<div class=\"elementor-widget-container\">\n\t\t\t\t\t\t\t\t\t\t\t\t\t\t\t<img loading=\"lazy\" decoding=\"async\" width=\"1698\" height=\"1723\" src=\"https:\/\/yeguadavilaire.com\/wp-content\/uploads\/2024\/01\/Avatar-3-scaled-e1705602293448.jpg\" class=\"elementor-animation-float attachment-full size-full wp-image-1674\" alt=\"\" srcset=\"https:\/\/yeguadavilaire.com\/wp-content\/uploads\/2024\/01\/Avatar-3-scaled-e1705602293448.jpg 1698w, https:\/\/yeguadavilaire.com\/wp-content\/uploads\/2024\/01\/Avatar-3-scaled-e1705602293448-296x300.jpg 296w, https:\/\/yeguadavilaire.com\/wp-content\/uploads\/2024\/01\/Avatar-3-scaled-e1705602293448-1009x1024.jpg 1009w, https:\/\/yeguadavilaire.com\/wp-content\/uploads\/2024\/01\/Avatar-3-scaled-e1705602293448-768x779.jpg 768w, https:\/\/yeguadavilaire.com\/wp-content\/uploads\/2024\/01\/Avatar-3-scaled-e1705602293448-1514x1536.jpg 1514w\" sizes=\"(max-width: 1698px) 100vw, 1698px\" \/>\t\t\t\t\t\t\t\t\t\t\t\t\t\t\t<\/div>\n\t\t\t\t<\/div>\n\t\t\t\t<\/div>\n\t\t\t\t<\/div>\n\t\t<div class=\"elementor-element elementor-element-58775a5 e-con-full e-flex e-con e-child\" data-id=\"58775a5\" data-element_type=\"container\" data-settings=\"{&quot;content_width&quot;:&quot;full&quot;}\">\n\t\t\t\t<div class=\"elementor-element elementor-element-b24366a elementor-widget elementor-widget-icon-box\" data-id=\"b24366a\" data-element_type=\"widget\" data-widget_type=\"icon-box.default\">\n\t\t\t\t<div class=\"elementor-widget-container\">\n\t\t\t\t\t<div class=\"elementor-icon-box-wrapper\">\n\t\t\t\t\t\t<div class=\"elementor-icon-box-content\">\n\t\t\t\t<h2 class=\"elementor-icon-box-title\">\n\t\t\t\t\t<span  >\n\t\t\t\t\t\tjudio vii\t\t\t\t\t<\/span>\n\t\t\t\t<\/h2>\n\t\t\t\t\t\t\t<\/div>\n\t\t<\/div>\n\t\t\t\t<\/div>\n\t\t\t\t<\/div>\n\t\t\t\t<div class=\"elementor-element elementor-element-df151ba elementor-widget elementor-widget-text-editor\" data-id=\"df151ba\" data-element_type=\"widget\" data-widget_type=\"text-editor.default\">\n\t\t\t\t<div class=\"elementor-widget-container\">\n\t\t\t\t\t\t\t<p>Jud\u00edo VII, nacido el 27 de febrero de 1996, es uno sementales m\u00e1s c\u00e9lebres de pura raza espa\u00f1ola que, a pesar de haber fallecido en el a\u00f1o 2015, sigue siendo una figura activa y fundamental en la yeguada. Su legado perdura gracias al uso continuado de su semen congelado, lo que lo convierte en un pilar fundamental en nuestra yeguada.<\/p>\n<p>Con una alzada de 1.64 metros, Jud\u00edo VII destac\u00f3 en la disciplinas de Alta Escuela y doma cl\u00e1sica mostrando un conjunto de habilidades notables. Su influencia trasciende su propia existencia, ya que sus genes han sido fundamentales en la producci\u00f3n de hijos\/as de alta calidad en la \u00faltima d\u00e9cada. Su papel como base gen\u00e9tica ha contribuido al \u00e9xito de muchas yeguadas de primer nivel tanto en Europa como en Am\u00e9rica<\/p>\n<p>&nbsp;La secci\u00f3n dedicada a Jud\u00edo VII en la p\u00e1gina web de la yeguada atestigua su importancia, destacando la impresionante lista de descendientes premiados.<\/p>\n<p>Jud\u00edo VII, a trav\u00e9s de su legado gen\u00e9tico, contin\u00faa influyendo en el mundo del caballo de Pura Raza Espa\u00f1ola dejando una huella duradera. Su contribuci\u00f3n sigue siendo reconocida y celebrada, asegurando la perpetuidad de su estirpe en la yeguada Vilaire y m\u00e1s all\u00e1.<\/p>\t\t\t\t\t\t<\/div>\n\t\t\t\t<\/div>\n\t\t\t\t<div class=\"elementor-element elementor-element-2a13388 elementor-widget elementor-widget-button\" data-id=\"2a13388\" data-element_type=\"widget\" data-widget_type=\"button.default\">\n\t\t\t\t<div class=\"elementor-widget-container\">\n\t\t\t\t\t<div class=\"elementor-button-wrapper\">\n\t\t\t<a class=\"elementor-button elementor-button-link elementor-size-sm\" href=\"https:\/\/www.lgancce.com\/lgpreancce\/asp-publico\/arbolGenealogicoPRE\/ConsultarArbolGenealogicoPRE.aspx?ID=eN4WQrsIdl0=\" target=\"_blank\">\n\t\t\t\t\t\t<span class=\"elementor-button-content-wrapper\">\n\t\t\t\t\t\t<span class=\"elementor-button-text\">A.N.C.C.C.E. SHEET<\/span>\n\t\t<\/span>\n\t\t\t\t\t<\/a>\n\t\t<\/div>\n\t\t\t\t<\/div>\n\t\t\t\t<\/div>\n\t\t\t\t<\/div>\n\t\t\t\t\t<\/div>\n\t\t\t\t<\/div>\n\t\t\t\t\t<\/div>\n\t\t\t\t<\/div>\n\t\t\t\t\t\t\t<\/div>","protected":false},"excerpt":{"rendered":"<p>SEMENTALES LOS SEMENTALES DE LA YEGUADA VILAIRE cANASTERO mibxii Canastero MIBXII, nacido el 4 de marzo de 2012, se presenta como un semental excepcional de pura raza espa\u00f1ola (P.R.E.), destacando por su imponente presencia y sus cualidades notables. Con una capa casta\u00f1a que realza su elegancia, este magn\u00edfico ejemplar tiene una alzada\u00a0 de 1,77 metros, [&hellip;]<\/p>","protected":false},"author":1,"featured_media":0,"parent":0,"menu_order":0,"comment_status":"closed","ping_status":"closed","template":"elementor_header_footer","meta":{"site-sidebar-layout":"no-sidebar","site-content-layout":"page-builder","ast-site-content-layout":"full-width-container","site-content-style":"unboxed","site-sidebar-style":"unboxed","ast-global-header-display":"","ast-banner-title-visibility":"","ast-main-header-display":"","ast-hfb-above-header-display":"","ast-hfb-below-header-display":"","ast-hfb-mobile-header-display":"","site-post-title":"disabled","ast-breadcrumbs-content":"","ast-featured-img":"disabled","footer-sml-layout":"","theme-transparent-header-meta":"enabled","adv-header-id-meta":"","stick-header-meta":"","header-above-stick-meta":"","header-main-stick-meta":"","header-below-stick-meta":"","astra-migrate-meta-layouts":"set","ast-page-background-enabled":"default","ast-page-background-meta":{"desktop":{"background-color":"","background-image":"","background-repeat":"repeat","background-position":"center center","background-size":"auto","background-attachment":"scroll","background-type":"","background-media":"","overlay-type":"","overlay-color":"","overlay-gradient":""},"tablet":{"background-color":"","background-image":"","background-repeat":"repeat","background-position":"center center","background-size":"auto","background-attachment":"scroll","background-type":"","background-media":"","overlay-type":"","overlay-color":"","overlay-gradient":""},"mobile":{"background-color":"","background-image":"","background-repeat":"repeat","background-position":"center center","background-size":"auto","background-attachment":"scroll","background-type":"","background-media":"","overlay-type":"","overlay-color":"","overlay-gradient":""}},"ast-content-background-meta":{"desktop":{"background-color":"var(--ast-global-color-5)","background-image":"","background-repeat":"repeat","background-position":"center center","background-size":"auto","background-attachment":"scroll","background-type":"","background-media":"","overlay-type":"","overlay-color":"","overlay-gradient":""},"tablet":{"background-color":"var(--ast-global-color-5)","background-image":"","background-repeat":"repeat","background-position":"center center","background-size":"auto","background-attachment":"scroll","background-type":"","background-media":"","overlay-type":"","overlay-color":"","overlay-gradient":""},"mobile":{"background-color":"var(--ast-global-color-5)","background-image":"","background-repeat":"repeat","background-position":"center center","background-size":"auto","background-attachment":"scroll","background-type":"","background-media":"","overlay-type":"","overlay-color":"","overlay-gradient":""}},"footnotes":""},"class_list":["post-1417","page","type-page","status-publish","hentry"],"_links":{"self":[{"href":"https:\/\/yeguadavilaire.com\/en\/wp-json\/wp\/v2\/pages\/1417","targetHints":{"allow":["GET"]}}],"collection":[{"href":"https:\/\/yeguadavilaire.com\/en\/wp-json\/wp\/v2\/pages"}],"about":[{"href":"https:\/\/yeguadavilaire.com\/en\/wp-json\/wp\/v2\/types\/page"}],"author":[{"embeddable":true,"href":"https:\/\/yeguadavilaire.com\/en\/wp-json\/wp\/v2\/users\/1"}],"replies":[{"embeddable":true,"href":"https:\/\/yeguadavilaire.com\/en\/wp-json\/wp\/v2\/comments?post=1417"}],"version-history":[{"count":35,"href":"https:\/\/yeguadavilaire.com\/en\/wp-json\/wp\/v2\/pages\/1417\/revisions"}],"predecessor-version":[{"id":2137,"href":"https:\/\/yeguadavilaire.com\/en\/wp-json\/wp\/v2\/pages\/1417\/revisions\/2137"}],"wp:attachment":[{"href":"https:\/\/yeguadavilaire.com\/en\/wp-json\/wp\/v2\/media?parent=1417"}],"curies":[{"name":"wp","href":"https:\/\/api.w.org\/{rel}","templated":true}]}}